{"id":3,"date":"2025-10-15T11:49:31","date_gmt":"2025-10-15T11:49:31","guid":{"rendered":"https:\/\/pangealaw.eu\/?page_id=3"},"modified":"2026-02-16T22:51:02","modified_gmt":"2026-02-16T22:51:02","slug":"gizlilik-sozlesmesi","status":"publish","type":"page","link":"https:\/\/pangealaw.eu\/de\/gizlilik-sozlesmesi\/","title":{"rendered":"Datenschutzerkl\u00e4rung"},"content":{"rendered":"<style>.elementor-3 .elementor-element.elementor-element-4f35645d{--display:flex;}.elementor-3 .elementor-element.elementor-element-4f35645d.e-con{--flex-grow:0;--flex-shrink:0;}.elementor-widget-heading .elementor-heading-title{font-family:var( --e-global-typography-primary-font-family ), Sans-serif;font-weight:var( --e-global-typography-primary-font-weight );color:var( --e-global-color-primary );}.elementor-3 .elementor-element.elementor-element-a50f851 .elementor-heading-title{color:#001821;}.elementor-3 .elementor-element.elementor-element-30ee87c .elementor-heading-title{font-family:\"Roboto\", Sans-serif;font-size:20px;font-weight:600;color:#000000;}.elementor-widget-text-editor{font-family:var( --e-global-typography-text-font-family ), Sans-serif;font-weight:var( --e-global-typography-text-font-weight );color:var( --e-global-color-text );}.elementor-widget-text-editor.elementor-drop-cap-view-stacked .elementor-drop-cap{background-color:var( --e-global-color-primary );}.elementor-widget-text-editor.elementor-drop-cap-view-framed .elementor-drop-cap, .elementor-widget-text-editor.elementor-drop-cap-view-default .elementor-drop-cap{color:var( --e-global-color-primary );border-color:var( --e-global-color-primary );}.elementor-3 .elementor-element.elementor-element-f09148f{font-family:\"Roboto\", Sans-serif;font-size:17px;font-weight:400;color:#000000;}.elementor-3 .elementor-element.elementor-element-27ba754 .elementor-heading-title{font-family:\"Roboto\", Sans-serif;font-size:20px;font-weight:600;color:#000000;}.elementor-3 .elementor-element.elementor-element-b640fb6{font-family:\"Roboto\", Sans-serif;font-size:17px;font-weight:400;color:#000000;}.elementor-3 .elementor-element.elementor-element-ef53ae6 .elementor-heading-title{font-family:\"Roboto\", Sans-serif;font-size:20px;font-weight:600;color:#000000;}.elementor-3 .elementor-element.elementor-element-c348537{font-family:\"Roboto\", Sans-serif;font-size:17px;font-weight:400;color:#000000;}.elementor-3 .elementor-element.elementor-element-57b3f83 .elementor-heading-title{font-family:\"Roboto\", Sans-serif;font-size:20px;font-weight:600;color:#000000;}.elementor-3 .elementor-element.elementor-element-3da32ef{font-family:\"Roboto\", Sans-serif;font-size:17px;font-weight:400;color:#000000;}.elementor-3 .elementor-element.elementor-element-695dced .elementor-heading-title{font-family:\"Roboto\", Sans-serif;font-size:20px;font-weight:600;color:#000000;}.elementor-3 .elementor-element.elementor-element-d4b8747{font-family:\"Roboto\", Sans-serif;font-size:17px;font-weight:400;color:#000000;}.elementor-3 .elementor-element.elementor-element-865726f .elementor-heading-title{font-family:\"Roboto\", Sans-serif;font-size:20px;font-weight:600;color:#000000;}.elementor-3 .elementor-element.elementor-element-8405fcf{font-family:\"Roboto\", Sans-serif;font-size:17px;font-weight:400;color:#000000;}.elementor-3 .elementor-element.elementor-element-fc4b0a7 .elementor-heading-title{font-family:\"Roboto\", Sans-serif;font-size:20px;font-weight:600;color:#000000;}.elementor-3 .elementor-element.elementor-element-71d4385{font-family:\"Roboto\", Sans-serif;font-size:17px;font-weight:400;color:#000000;}@media(max-width:767px){.elementor-3 .elementor-element.elementor-element-4f35645d{--padding-top:0px;--padding-bottom:0px;--padding-left:0px;--padding-right:0px;}}@media(min-width:768px){.elementor-3 .elementor-element.elementor-element-4f35645d{--width:108.557%;}}<\/style>\t\t<div data-elementor-type=\"wp-page\" data-elementor-id=\"3\" class=\"elementor elementor-3\" data-elementor-post-type=\"page\">\n\t\t\t\t<div class=\"elementor-element elementor-element-4f35645d e-con-full e-flex e-con e-parent\" data-id=\"4f35645d\" data-element_type=\"container\" data-e-type=\"container\">\n\t\t\t\t<div class=\"elementor-element elementor-element-a50f851 elementor-widget elementor-widget-heading\" data-id=\"a50f851\" data-element_type=\"widget\" data-e-type=\"widget\" data-widget_type=\"heading.default\">\n\t\t\t\t\t<h2 class=\"elementor-heading-title elementor-size-default\">Hinweise zur Datenverarbeitung<\/h2>\t\t\t\t<\/div>\n\t\t\t\t<div class=\"elementor-element elementor-element-30ee87c elementor-widget elementor-widget-heading\" data-id=\"30ee87c\" data-element_type=\"widget\" data-e-type=\"widget\" data-widget_type=\"heading.default\">\n\t\t\t\t\t<h2 class=\"elementor-heading-title elementor-size-default\">1. Datenschutzinformationen<\/h2>\t\t\t\t<\/div>\n\t\t\t\t<div class=\"elementor-element elementor-element-f09148f color-scheme-inherit text-left elementor-widget elementor-widget-text-editor\" data-id=\"f09148f\" data-element_type=\"widget\" data-e-type=\"widget\" data-widget_type=\"text-editor.default\">\n\t\t\t\t\t\t\t\t\t<p class=\"translation-block\">Diese Datenschutzhinweise gelten f\u00fcr die Datenverarbeitung durch: Pangea Law &amp; Consulting,\nKaiser-Joseph-Str. 254 79098 Freiburg im Breisgau, Telefon: +49 (0)761 \u2013 557 219 10 Fax: +49 (0)761 \u2013\n557 219 09<\/p>\t\t\t\t\t\t\t\t<\/div>\n\t\t\t\t<div class=\"elementor-element elementor-element-27ba754 elementor-widget elementor-widget-heading\" data-id=\"27ba754\" data-element_type=\"widget\" data-e-type=\"widget\" data-widget_type=\"heading.default\">\n\t\t\t\t\t<h2 class=\"elementor-heading-title elementor-size-default\">2. Erhebung und Speicherung personenbezogener Daten, Art, Zweck und Art der Nutzung:<\/h2>\t\t\t\t<\/div>\n\t\t\t\t<div class=\"elementor-element elementor-element-b640fb6 color-scheme-inherit text-left elementor-widget elementor-widget-text-editor\" data-id=\"b640fb6\" data-element_type=\"widget\" data-e-type=\"widget\" data-widget_type=\"text-editor.default\">\n\t\t\t\t\t\t\t\t\t<p class=\"translation-block\">Erhebung und Speicherung personenbezogener Daten sowie Art und Zweck und deren\nVerwendung: Wenn Sie uns mandatieren, erheben wir folgende Informationen: <br>\n\u2022 Anrede, Vorname, Nachname,<br>\n\u2022 eine g\u00fcltige E-Mail-Adresse,<br>\n\u2022 Anschrift,<br>\n\u2022 Telefonnummer (Festnetz und\/oder Mobilfunk)<br>\n\u2022 Informationen, die f\u00fcr die Geltendmachung und Verteidigung Ihrer Rechte im Rahmen des Mandats notwendig sind.<br>\n\u2022 Zur ordnungsgem\u00e4\u00dfen Durchf\u00fchrung des Mandats bzw. Auftrags k\u00f6nnen zus\u00e4tzlich von Ihnen bereitgestellte Dokumente, Nachweise und Lebensl\u00e4ufe gespeichert, verarbeitet und \u2013 soweit erforderlich \u2013 an beteiligte Beh\u00f6rden, Gerichte oder Vertragspartner \u00fcbermittelt werden.<br><\/p>\t\t\t\t\t\t\t\t<\/div>\n\t\t\t\t<div class=\"elementor-element elementor-element-ef53ae6 elementor-widget elementor-widget-heading\" data-id=\"ef53ae6\" data-element_type=\"widget\" data-e-type=\"widget\" data-widget_type=\"heading.default\">\n\t\t\t\t\t<h2 class=\"elementor-heading-title elementor-size-default\">3. Zweck der Datenerhebung:<\/h2>\t\t\t\t<\/div>\n\t\t\t\t<div class=\"elementor-element elementor-element-c348537 color-scheme-inherit text-left elementor-widget elementor-widget-text-editor\" data-id=\"c348537\" data-element_type=\"widget\" data-e-type=\"widget\" data-widget_type=\"text-editor.default\">\n\t\t\t\t\t\t\t\t\t<p class=\"translation-block\">Die Erhebung dieser Daten erfolgt,\n- um Sie als unseren Mandanten identifizieren zu k\u00f6nnen;\n- um Sie angemessen anwaltlich beraten und vertreten zu k\u00f6nnen;\n-zur Korrespondenz mit Ihnen;\n- zur Rechnungsstellung;\n- zur Abwicklung von evtl. vorliegenden Haftungsanspr\u00fcchen sowie der\nGeltendmachung etwaiger Anspr\u00fcche gegen Sie.<\/p>\t\t\t\t\t\t\t\t<\/div>\n\t\t\t\t<div class=\"elementor-element elementor-element-57b3f83 elementor-widget elementor-widget-heading\" data-id=\"57b3f83\" data-element_type=\"widget\" data-e-type=\"widget\" data-widget_type=\"heading.default\">\n\t\t\t\t\t<h2 class=\"elementor-heading-title elementor-size-default\">4. Datenverarbeitung<\/h2>\t\t\t\t<\/div>\n\t\t\t\t<div class=\"elementor-element elementor-element-3da32ef color-scheme-inherit text-left elementor-widget elementor-widget-text-editor\" data-id=\"3da32ef\" data-element_type=\"widget\" data-e-type=\"widget\" data-widget_type=\"text-editor.default\">\n\t\t\t\t\t\t\t\t\t<p class=\"translation-block\">Die Datenverarbeitung erfolgt auf Ihre Anfrage hin und ist nach Art. 6 Abs. 1 S. 1 lit. b DSGVO zu\nden genannten Zwecken f\u00fcr die angemessene Bearbeitung des Mandats und f\u00fcr die beidseitige\nErf\u00fcllung von Verpflichtungen aus dem Mandatsvertrag erforderlich. Die f\u00fcr die Mandatierung von\nuns erhobenen personenbezogenen Daten werden bis zum Ablauf der gesetzlichen\nAufbewahrungs-pflicht f\u00fcr Anw\u00e4lt*innen (6 Jahre nach Ablauf des Kalenderjahres, in dem das\nMandat beendet wurde,) gespeichert und danach gel\u00f6scht, es sei denn, dass wir nach Artikel 6 Abs.\n1 S. 1 lit. c DSGVO aufgrund von steuer- und handelsrechtlichen Aufbewahrungs- und\nDokumentationspflichten (aus HGB, StGB oder AO) zu einer l\u00e4ngeren Speicherung verpflichtet\nsind oder Sie in eine dar\u00fcberhinausgehende Speicherung nach Art. 6 Abs. 1 S. 1 lit. a DSGVO\neingewilligt haben.<\/p>\t\t\t\t\t\t\t\t<\/div>\n\t\t\t\t<div class=\"elementor-element elementor-element-695dced elementor-widget elementor-widget-heading\" data-id=\"695dced\" data-element_type=\"widget\" data-e-type=\"widget\" data-widget_type=\"heading.default\">\n\t\t\t\t\t<h2 class=\"elementor-heading-title elementor-size-default\">5. Weitergabe von Daten an Dritte<\/h2>\t\t\t\t<\/div>\n\t\t\t\t<div class=\"elementor-element elementor-element-d4b8747 color-scheme-inherit text-left elementor-widget elementor-widget-text-editor\" data-id=\"d4b8747\" data-element_type=\"widget\" data-e-type=\"widget\" data-widget_type=\"text-editor.default\">\n\t\t\t\t\t\t\t\t\t<p>Eine \u00dcbermittlung Ihrer pers\u00f6nlichen Daten an Dritte zu anderen als den im Folgenden\naufgef\u00fchrten Zwecken findet nicht statt. Soweit dies nach Art. 6 Abs. 1 S. 1 lit. b DSGVO f\u00fcr die\nAbwicklung von Mandatsverh\u00e4ltnissen mit Ihnen erforderlich ist, werden Ihre personenbezogenen\nDaten an Dritte weitergegeben. Hierzu geh\u00f6rt insbesondere die Weitergabe an\nVerfahrensgegner*innen und deren Vertreter*innen (insbesondere deren Rechtsanw\u00e4lt*innen)\nsowie Gerichte und andere \u00f6ffentliche Beh\u00f6rden zum Zwecke der Korrespondenz sowie zur\nGeltendmachung und Verteidigung Ihrer Rechte. Die weitergegebenen Daten d\u00fcrfen von dem\nDritten ausschlie\u00dflich zu den genannten Zwecken verwendet werden. Das Anwaltsgeheimnis\nbleibt unber\u00fchrt. Soweit es sich um Daten handelt, die dem Anwaltsgeheimnis unterliegen, erfolgt\neine Weitergabe an Dritte nur in Absprache mit Ihnen.<\/p>\t\t\t\t\t\t\t\t<\/div>\n\t\t\t\t<div class=\"elementor-element elementor-element-865726f elementor-widget elementor-widget-heading\" data-id=\"865726f\" data-element_type=\"widget\" data-e-type=\"widget\" data-widget_type=\"heading.default\">\n\t\t\t\t\t<h2 class=\"elementor-heading-title elementor-size-default\">6. Betroffenenrechte Sie haben das Recht:<\/h2>\t\t\t\t<\/div>\n\t\t\t\t<div class=\"elementor-element elementor-element-8405fcf color-scheme-inherit text-left elementor-widget elementor-widget-text-editor\" data-id=\"8405fcf\" data-element_type=\"widget\" data-e-type=\"widget\" data-widget_type=\"text-editor.default\">\n\t\t\t\t\t\t\t\t\t<ul>\n<li>gem\u00e4\u00df Art. 7 Abs. 3 DSGVO Ihre einmal erteilte Einwilligung jederzeit gegen\u00fcber uns zu\nwiderrufen. Dies hat zur Folge, dass wir die Datenverarbeitung, die auf dieser Einwilligung\nberuhte, f\u00fcr die Zukunft nicht mehr fortf\u00fchren d\u00fcrfen;<\/li>\n<li class=\"translation-block\">gem\u00e4\u00df Art. 15 DSGVO Auskunft \u00fcber Ihre von uns verarbeiteten personenbezogenen\nDaten zu verlangen. Insbesondere k\u00f6nnen Sie Auskunft \u00fcber die Verarbeitungszwecke, die\nKategorie der personenbezogenen Daten, die Kategorien von Empf\u00e4ngern, gegen\u00fcber\ndenen Ihre Daten offengelegt wurden oder werden, die geplante Speicherdauer, das\nBestehen eines Rechts auf Berichtigung, L\u00f6schung, Einschr\u00e4nkung der Verarbeitung oder\nWiderspruch, das Bestehen eines Beschwerderechts, die Herkunft ihrer Daten, sofern diese\nnicht bei uns erhoben wurden, sowie \u00fcber das Bestehen einer automatisierten\nEntscheidungsfindung einschlie\u00dflich Profiling und ggf. aussagekr\u00e4ftigen Informationen zu\nderen Einzelheiten verlangen;<\/li>\n<li>gem\u00e4\u00df Art. 16 DSGVO unverz\u00fcglich die Berichtigung unrichtiger oder Vervollst\u00e4ndigung\nIhrer bei uns gespeicherten personenbezogenen Daten zu verlangen;<\/li>\n<li>gem\u00e4\u00df Art. 17 DSGVO die L\u00f6schung Ihrer bei uns gespeicherten personenbezogenen Daten\nzu verlangen, soweit nicht die Verarbeitung zur Aus\u00fcbung des Rechts auf freie\nMeinungs\u00e4u\u00dferung und Information, zur Erf\u00fcllung einer rechtlichen Verpflichtung, aus\nGr\u00fcnden des \u00f6ffentlichen Interesses oder zur Geltendmachung, Aus\u00fcbung oder\nVerteidigung von Rechtsanspr\u00fcchen erforderlich ist;<\/li>\n<li class=\"translation-block\">gem\u00e4\u00df Art. 18 DSGVO die Einschr\u00e4nkung der Verarbeitung Ihrer personenbezogenen Daten\nzu verlangen, soweit die Richtigkeit der Daten von Ihnen bestritten wird, die Verarbeitung\nunrechtm\u00e4\u00dfig ist, Sie aber deren L\u00f6schung ablehnen, Anwaltswissen 192 AnwBl Online\n2018 und wir die Daten nicht mehr ben\u00f6tigen, Sie jedoch diese zur Geltendmachung,\nAus\u00fcbung oder Verteidigung von Rechtsanspr\u00fcchen ben\u00f6tigen oder Sie gem\u00e4\u00df Art. 21\nDSGVO Widerspruch gegen die Verarbeitung eingelegt haben;<\/li>\n<li>gem\u00e4\u00df Art. 20 DSGVO Ihre personenbezogenen Daten, die Sie uns bereitgestellt haben, in\neinem strukturierten, g\u00e4ngigen und maschinenlesebaren Format zu erhalten oder die\n\u00dcbermittlung an einen anderen Verantwortlichen zu verlangen und<\/li>\n<li class=\"translation-block\">gem\u00e4\u00df Art. 77 DSGVO sich bei einer Aufsichtsbeh\u00f6rde zu beschweren. In der Regel k\u00f6nnen\nSie sich hierf\u00fcr an die Aufsichtsbeh\u00f6rde Ihres \u00fcblichen Aufenthaltsortes oder\nArbeitsplatzes oder unseres Kanzleisitzes wenden.<\/li>\n<\/ul>\t\t\t\t\t\t\t\t<\/div>\n\t\t\t\t<div class=\"elementor-element elementor-element-fc4b0a7 elementor-widget elementor-widget-heading\" data-id=\"fc4b0a7\" data-element_type=\"widget\" data-e-type=\"widget\" data-widget_type=\"heading.default\">\n\t\t\t\t\t<h2 class=\"elementor-heading-title elementor-size-default\">7. Widerspruchsrecht<\/h2>\t\t\t\t<\/div>\n\t\t\t\t<div class=\"elementor-element elementor-element-71d4385 color-scheme-inherit text-left elementor-widget elementor-widget-text-editor\" data-id=\"71d4385\" data-element_type=\"widget\" data-e-type=\"widget\" data-widget_type=\"text-editor.default\">\n\t\t\t\t\t\t\t\t\t<p class=\"translation-block\">Sofern Ihre personenbezogenen Daten auf Grundlage von berechtigten Interessen gem\u00e4\u00df Art. 6 Abs.\n1 S. 1 lit. f DSGVO verarbeitet werden, haben Sie das Recht, gem\u00e4\u00df Art. 21 DSGVO Widerspruch\ngegen die Verarbeitung Ihrer personenbezogenen Daten einzulegen, soweit daf\u00fcr Gr\u00fcnde\nvorliegen, die sich aus Ihrer besonderen Situation ergeben. M\u00f6chten Sie von Ihrem\nWiderspruchsrecht Gebrauch machen, gen\u00fcgt eine E-Mail an  <span style=\"color: #0000ff\"><a style=\"color: #0000ff;text-decoration: underline\" href=\"mailto:kontakt@pangealaw.eu\" target=\"_self\">kontakt@pangealaw.eu<\/a><\/span><\/p>\t\t\t\t\t\t\t\t<\/div>\n\t\t\t\t<\/div>\n\t\t\t\t<\/div>","protected":false},"excerpt":{"rendered":"<p>Ki\u015fisel Verilerin \u0130slenmesine Dair Ayd\u0131nlatma Metni (DSGVO uyar\u0131nca) 1. Gizlilik bilgilendirmesi Bu gizlilik bilgilendirmesi, a\u015fa\u011f\u0131daki veri sorumlusu taraf\u0131ndan ger\u00e7ekle\u015ftirilen veri<\/p>","protected":false},"author":1,"featured_media":0,"parent":0,"menu_order":0,"comment_status":"closed","ping_status":"closed","template":"elementor_header_footer","meta":{"footnotes":""},"class_list":["post-3","page","type-page","status-publish","hentry"],"_links":{"self":[{"href":"https:\/\/pangealaw.eu\/de\/wp-json\/wp\/v2\/pages\/3","targetHints":{"allow":["GET"]}}],"collection":[{"href":"https:\/\/pangealaw.eu\/de\/wp-json\/wp\/v2\/pages"}],"about":[{"href":"https:\/\/pangealaw.eu\/de\/wp-json\/wp\/v2\/types\/page"}],"author":[{"embeddable":true,"href":"https:\/\/pangealaw.eu\/de\/wp-json\/wp\/v2\/users\/1"}],"replies":[{"embeddable":true,"href":"https:\/\/pangealaw.eu\/de\/wp-json\/wp\/v2\/comments?post=3"}],"version-history":[{"count":19,"href":"https:\/\/pangealaw.eu\/de\/wp-json\/wp\/v2\/pages\/3\/revisions"}],"predecessor-version":[{"id":6551,"href":"https:\/\/pangealaw.eu\/de\/wp-json\/wp\/v2\/pages\/3\/revisions\/6551"}],"wp:attachment":[{"href":"https:\/\/pangealaw.eu\/de\/wp-json\/wp\/v2\/media?parent=3"}],"curies":[{"name":"wp","href":"https:\/\/api.w.org\/{rel}","templated":true}]}}