{"id":6226,"date":"2025-11-26T07:44:43","date_gmt":"2025-11-26T07:44:43","guid":{"rendered":"https:\/\/pangealaw.eu\/?page_id=6226"},"modified":"2026-02-08T12:28:26","modified_gmt":"2026-02-08T12:28:26","slug":"vasilik-hukuku","status":"publish","type":"page","link":"https:\/\/pangealaw.eu\/de\/vasilik-hukuku\/","title":{"rendered":"Betreuungsrecht"},"content":{"rendered":"\t\t<div data-elementor-type=\"wp-page\" data-elementor-id=\"6226\" class=\"elementor elementor-6226\" data-elementor-post-type=\"page\">\n\t\t\t\t<div class=\"elementor-element elementor-element-08ceb4d wd-section-stretch e-flex e-con-boxed e-con e-parent\" data-id=\"08ceb4d\" data-element_type=\"container\" data-e-type=\"container\" data-settings=\"{&quot;background_background&quot;:&quot;classic&quot;}\">\n\t\t\t\t\t<div class=\"e-con-inner\">\n\t\t\t\t<div class=\"elementor-element elementor-element-e9147d3 elementor-widget elementor-widget-heading\" data-id=\"e9147d3\" data-element_type=\"widget\" data-e-type=\"widget\" data-widget_type=\"heading.default\">\n\t\t\t\t\t<h1 class=\"elementor-heading-title elementor-size-default\">Vasilik Hukuku<\/h1>\t\t\t\t<\/div>\n\t\t\t\t<div class=\"elementor-element elementor-element-b37d896 elementor-align-center elementor-widget elementor-widget-button\" data-id=\"b37d896\" data-element_type=\"widget\" data-e-type=\"widget\" data-widget_type=\"button.default\">\n\t\t\t\t\t\t\t\t\t\t<a class=\"elementor-button elementor-button-link elementor-size-sm\" href=\"https:\/\/pangealaw.eu\/bize-ulasin\/#contact-us\">\n\t\t\t\t\t\t<span class=\"elementor-button-content-wrapper\">\n\t\t\t\t\t\t\t\t\t<span class=\"elementor-button-text\">\u00dccretsiz Dan\u0131\u015fmanl\u0131k Al\u0131n<\/span>\n\t\t\t\t\t<\/span>\n\t\t\t\t\t<\/a>\n\t\t\t\t\t\t\t\t<\/div>\n\t\t\t\t\t<\/div>\n\t\t\t\t<\/div>\n\t\t<div class=\"elementor-element elementor-element-238b8cb wd-section-stretch e-flex e-con-boxed e-con e-parent\" data-id=\"238b8cb\" data-element_type=\"container\" data-e-type=\"container\" data-settings=\"{&quot;background_background&quot;:&quot;classic&quot;}\">\n\t\t\t\t\t<div class=\"e-con-inner\">\n\t\t<div class=\"elementor-element elementor-element-99a5256 e-con-full e-flex e-con e-child\" data-id=\"99a5256\" data-element_type=\"container\" data-e-type=\"container\">\n\t\t\t\t<div class=\"elementor-element elementor-element-9beab24 elementor-widget elementor-widget-image\" data-id=\"9beab24\" data-element_type=\"widget\" data-e-type=\"widget\" data-widget_type=\"image.default\">\n\t\t\t\t\t\t\t\t\t\t\t\t\t\t\t<img fetchpriority=\"high\" decoding=\"async\" width=\"628\" height=\"387\" src=\"https:\/\/pangealaw.eu\/wp-content\/uploads\/2025\/11\/image-27.png\" class=\"attachment-large size-large wp-image-6228\" alt=\"\" srcset=\"https:\/\/pangealaw.eu\/wp-content\/uploads\/2025\/11\/image-27.png 628w, https:\/\/pangealaw.eu\/wp-content\/uploads\/2025\/11\/image-27-300x185.png 300w\" sizes=\"(max-width: 628px) 100vw, 628px\" \/>\t\t\t\t\t\t\t\t\t\t\t\t\t\t\t<\/div>\n\t\t\t\t<\/div>\n\t\t<div class=\"elementor-element elementor-element-cbef4ce e-con-full e-flex e-con e-child\" data-id=\"cbef4ce\" data-element_type=\"container\" data-e-type=\"container\">\n\t\t\t\t<div class=\"elementor-element elementor-element-2d0bd95 elementor-widget elementor-widget-wd_text_block\" data-id=\"2d0bd95\" data-element_type=\"widget\" data-e-type=\"widget\" data-widget_type=\"wd_text_block.default\">\n\t\t\t\t<div class=\"elementor-widget-container\">\n\t\t\t\t\t\t\t\t<link rel=\"stylesheet\" id=\"wd-text-block-css\" href=\"https:\/\/pangealaw.eu\/wp-content\/themes\/woodmart\/css\/parts\/el-text-block.min.css?ver=7.5.1\" type=\"text\/css\" media=\"all\" \/> \t\t\t\t\t<div class=\"wd-text-block reset-last-child text-left\">\n\t\t\t\n\t\t\t<p>Di\u011fer faaliyet alanlar\u0131m\u0131z\u0131n yan\u0131 s\u0131ra, Alman Medeni Kanunu\u2019nun (BGB) vesayet h\u00fck\u00fcmleri kapsam\u0131nda, ki\u015fisel ya\u015fam ko\u015fullar\u0131 nedeniyle hukuki deste\u011fe ihtiya\u00e7 duyan bireylere yasal vasi (Betreuer) s\u0131fat\u0131yla destek sa\u011flamaktay\u0131z.<\/p><p>Temel amac\u0131m\u0131z, vesayet alt\u0131ndaki ki\u015filerin kendi ya\u015famlar\u0131n\u0131 m\u00fcmk\u00fcn oldu\u011funca ba\u011f\u0131ms\u0131z ve sorumluluk bilinciyle s\u00fcrd\u00fcrebilmelerini, karar alma s\u00fcre\u00e7lerine aktif olarak kat\u0131lmalar\u0131n\u0131 ve ya\u015fam kalitelerinin korunup geli\u015ftirilmesini temin etmektir.<\/p><p>Bu do\u011frultuda y\u00fcr\u00fctt\u00fc\u011f\u00fcm\u00fcz t\u00fcm \u00e7al\u0131\u015fmalar, bireysel ihtiya\u00e7lara g\u00f6re \u015fekillendirilmekte, ilgili ki\u015finin iradesi, menfaatleri ve ki\u015fisel tercihleri esas al\u0131narak, g\u00fcvene dayal\u0131 ve i\u015f birli\u011fi i\u00e7inde ger\u00e7ekle\u015ftirilmektedir.<\/p>\n\t\t\t\t\t<\/div>\n\t\t\t\t\t\t<\/div>\n\t\t\t\t<\/div>\n\t\t\t\t<\/div>\n\t\t\t\t\t<\/div>\n\t\t\t\t<\/div>\n\t\t<div class=\"elementor-element elementor-element-0b2bf00 wd-section-stretch e-flex e-con-boxed e-con e-parent\" data-id=\"0b2bf00\" data-element_type=\"container\" data-e-type=\"container\" data-settings=\"{&quot;background_background&quot;:&quot;classic&quot;}\">\n\t\t\t\t\t<div class=\"e-con-inner\">\n\t\t<div class=\"elementor-element elementor-element-86a1fdc e-con-full e-flex e-con e-child\" data-id=\"86a1fdc\" data-element_type=\"container\" data-e-type=\"container\">\n\t\t\t\t<div class=\"elementor-element elementor-element-e796d18 elementor-widget elementor-widget-wd_text_block\" data-id=\"e796d18\" data-element_type=\"widget\" data-e-type=\"widget\" data-widget_type=\"wd_text_block.default\">\n\t\t\t\t<div class=\"elementor-widget-container\">\n\t\t\t\t\t\t\t<div class=\"wd-text-block reset-last-child text-left\">\n\t\t\t\n\t\t\t<p>Sahip oldu\u011fumuz kapsaml\u0131 hukuki bilgi ve deneyim sayesinde, dan\u0131\u015fanlar\u0131m\u0131za karma\u015f\u0131k hukuki meselelerde destek olmakta; sa\u011fl\u0131k hizmetleriyle ilgili kararlar, malvarl\u0131\u011f\u0131n\u0131n y\u00f6netimi, resmi makamlar nezdindeki i\u015flemler ve gerekli hukuki temsil g\u00f6revlerini yetki s\u0131n\u0131rlar\u0131 i\u00e7inde ve hukuka uygun \u015fekilde \u00fcstlenmekteyiz. Bu sayede, hukuken g\u00fcvenli ve s\u00fcrd\u00fcr\u00fclebilir kararlar\u0131n al\u0131nmas\u0131n\u0131 sa\u011flamaktay\u0131z.<\/p><p>\u00d6nceli\u011fimiz; \u015feffaf ileti\u015fim, g\u00fcvenilir temsil ve orant\u0131l\u0131 m\u00fcdahale ilkesi do\u011frultusunda, dan\u0131\u015fanlar\u0131n esenli\u011fini en iyi \u015fekilde korurken, kendi karar verme yetilerinin m\u00fcmk\u00fcn olan en geni\u015f \u00f6l\u00e7\u00fcde muhafaza edilmesini sa\u011flamakt\u0131r.<\/p><p>Uzun y\u0131llara dayanan mesleki tecr\u00fcbemiz, y\u00fcksek sorumluluk bilincimiz ve empatik yakla\u015f\u0131m\u0131m\u0131z sayesinde, her dan\u0131\u015fan\u0131n ki\u015fisel durumuna uygun, gerekli ve yeterli hukuki deste\u011fi almas\u0131n\u0131 g\u00fcvence alt\u0131na almaktay\u0131z.<\/p>\n\t\t\t\t\t<\/div>\n\t\t\t\t\t\t<\/div>\n\t\t\t\t<\/div>\n\t\t\t\t<\/div>\n\t\t<div class=\"elementor-element elementor-element-f454c5d e-con-full e-flex e-con e-child\" data-id=\"f454c5d\" data-element_type=\"container\" data-e-type=\"container\">\n\t\t\t\t<div class=\"elementor-element elementor-element-824782d elementor-widget-mobile__width-inherit elementor-widget elementor-widget-image\" data-id=\"824782d\" data-element_type=\"widget\" data-e-type=\"widget\" data-widget_type=\"image.default\">\n\t\t\t\t\t\t\t\t\t\t\t\t\t\t\t<img decoding=\"async\" width=\"628\" height=\"387\" src=\"https:\/\/pangealaw.eu\/wp-content\/uploads\/2025\/11\/image-28.png\" class=\"attachment-full size-full wp-image-6229\" alt=\"\" srcset=\"https:\/\/pangealaw.eu\/wp-content\/uploads\/2025\/11\/image-28.png 628w, https:\/\/pangealaw.eu\/wp-content\/uploads\/2025\/11\/image-28-300x185.png 300w\" sizes=\"(max-width: 628px) 100vw, 628px\" \/>\t\t\t\t\t\t\t\t\t\t\t\t\t\t\t<\/div>\n\t\t\t\t<\/div>\n\t\t\t\t\t<\/div>\n\t\t\t\t<\/div>\n\t\t<div class=\"elementor-element elementor-element-2d5481fd wd-section-stretch e-flex e-con-boxed e-con e-parent\" data-id=\"2d5481fd\" data-element_type=\"container\" data-e-type=\"container\" data-settings=\"{&quot;background_background&quot;:&quot;classic&quot;}\">\n\t\t\t\t\t<div class=\"e-con-inner\">\n\t\t<div class=\"elementor-element elementor-element-1c798a0a e-con-full e-flex e-con e-child\" data-id=\"1c798a0a\" data-element_type=\"container\" data-e-type=\"container\" data-settings=\"{&quot;background_background&quot;:&quot;classic&quot;}\">\n\t\t<div class=\"elementor-element elementor-element-15d40eba e-con-full e-flex e-con e-child\" data-id=\"15d40eba\" data-element_type=\"container\" data-e-type=\"container\">\n\t\t\t\t<div class=\"elementor-element elementor-element-4dc1f56c elementor-absolute elementor-widget elementor-widget-image\" data-id=\"4dc1f56c\" data-element_type=\"widget\" data-e-type=\"widget\" data-settings=\"{&quot;_position&quot;:&quot;absolute&quot;}\" data-widget_type=\"image.default\">\n\t\t\t\t\t\t\t\t\t\t\t\t\t\t\t<img decoding=\"async\" width=\"683\" height=\"1024\" src=\"https:\/\/pangealaw.eu\/wp-content\/uploads\/2025\/10\/604e1e1393989c511b729fd33cfb786cc23ba20b-1-scaled-1.png\" class=\"attachment-large size-large wp-image-32\" alt=\"\" \/>\t\t\t\t\t\t\t\t\t\t\t\t\t\t\t<\/div>\n\t\t\t\t<div class=\"elementor-element elementor-element-680b936c elementor-widget__width-initial elementor-widget elementor-widget-heading\" data-id=\"680b936c\" data-element_type=\"widget\" data-e-type=\"widget\" data-widget_type=\"heading.default\">\n\t\t\t\t\t<h2 class=\"elementor-heading-title elementor-size-default\"><span style=\"color: #BB9F7D\">Hukuki<\/span> Yard\u0131ma m\u0131 \u0130htiyac\u0131n\u0131z Var?<\/h2>\t\t\t\t<\/div>\n\t\t\t\t<div class=\"elementor-element elementor-element-4645a535 color-scheme-inherit text-left elementor-widget elementor-widget-text-editor\" data-id=\"4645a535\" data-element_type=\"widget\" data-e-type=\"widget\" data-widget_type=\"text-editor.default\">\n\t\t\t\t\t\t\t\t\t<p>Sorununuzu yaz\u0131n, \u00e7\u00f6z\u00fcm yolunu birlikte bulal\u0131m.<\/p>\t\t\t\t\t\t\t\t<\/div>\n\t\t\t\t<div class=\"elementor-element elementor-element-527ce359 elementor-widget elementor-widget-wpforms\" data-id=\"527ce359\" data-element_type=\"widget\" data-e-type=\"widget\" data-widget_type=\"wpforms.default\">\n\t\t\t\t<div class=\"elementor-widget-container\">\n\t\t\t\t\t<style id=\"wpforms-css-vars-elementor-widget-527ce359\">\n\t\t\t\t.elementor-widget-wpforms.elementor-element-527ce359 {\n\t\t\t\t--wpforms-button-background-color: #BB9F7D;\n--wpforms-field-border-color: #BB9F7D;\n--wpforms-field-border-color-spare: #BB9F7D;\n--wpforms-button-border-radius: 73px;\n--wpforms-button-size-font-size: 20px;\n--wpforms-button-size-height: 48px;\n--wpforms-button-size-padding-h: 20px;\n--wpforms-button-size-margin-top: 15px;\n\t\t\t}\n\t\t\t<\/style><div class=\"wpforms-container wpforms-container-full wpforms-render-modern\" id=\"wpforms-1703\"><form id=\"wpforms-form-1703\" class=\"wpforms-validate wpforms-form wpforms-ajax-form\" data-formid=\"1703\" method=\"post\" enctype=\"multipart\/form-data\" action=\"\/de\/wp-json\/wp\/v2\/pages\/6226\" data-token=\"7cf74ff67e151d92aa370eea800daddb\" data-token-time=\"1778996102\"><noscript class=\"wpforms-error-noscript\">Bitte aktivieren Sie JavaScript in Ihrem Browser, um dieses Formular fertigzustellen.<\/noscript><div id=\"wpforms-error-noscript\" style=\"display: none;\">Bitte aktivieren Sie JavaScript in Ihrem Browser, um dieses Formular fertigzustellen.<\/div><div class=\"wpforms-field-container\"><div id=\"wpforms-1703-field_7-container\" class=\"wpforms-field wpforms-field-name\" data-field-id=\"7\"><label class=\"wpforms-field-label wpforms-label-hide\" for=\"wpforms-1703-field_7\" aria-hidden=\"false\">Ad <span class=\"wpforms-required-label\" aria-hidden=\"true\">*<\/span><\/label><input type=\"text\" id=\"wpforms-1703-field_7\" class=\"wpforms-field-medium wpforms-field-required\" name=\"wpforms[fields][7]\" placeholder=\"Ad\" aria-errormessage=\"wpforms-1703-field_7-error\" required><\/div><div id=\"wpforms-1703-field_10-container\" class=\"wpforms-field wpforms-field-name\" data-field-id=\"10\"><label class=\"wpforms-field-label wpforms-label-hide\" for=\"wpforms-1703-field_10\" aria-hidden=\"false\">Soyad <span class=\"wpforms-required-label\" aria-hidden=\"true\">*<\/span><\/label><input type=\"text\" id=\"wpforms-1703-field_10\" class=\"wpforms-field-medium wpforms-field-required\" name=\"wpforms[fields][10]\" placeholder=\"Soyad\" aria-errormessage=\"wpforms-1703-field_10-error\" required><\/div><div id=\"wpforms-1703-field_8-container\" class=\"wpforms-field wpforms-field-number\" data-field-id=\"8\"><label class=\"wpforms-field-label wpforms-label-hide\" for=\"wpforms-1703-field_8\" aria-hidden=\"false\">Telefon Numaras\u0131 <span class=\"wpforms-required-label\" aria-hidden=\"true\">*<\/span><\/label><input type=\"number\" id=\"wpforms-1703-field_8\" class=\"wpforms-field-medium wpforms-field-required\" name=\"wpforms[fields][8]\" placeholder=\"Telefon Numaras\u0131\" step=\"any\" aria-errormessage=\"wpforms-1703-field_8-error\" required><\/div><div id=\"wpforms-1703-field_9-container\" class=\"wpforms-field wpforms-field-email\" data-field-id=\"9\"><label class=\"wpforms-field-label wpforms-label-hide\" for=\"wpforms-1703-field_9\" aria-hidden=\"false\">E-posta Adresi <span class=\"wpforms-required-label\" aria-hidden=\"true\">*<\/span><\/label><input type=\"email\" id=\"wpforms-1703-field_9\" class=\"wpforms-field-medium wpforms-field-required\" name=\"wpforms[fields][9]\" placeholder=\"E-posta Adresi\" spellcheck=\"false\" aria-errormessage=\"wpforms-1703-field_9-error\" required><\/div>\t\t<div id=\"wpforms-1703-field_1-container\"\n\t\t\tclass=\"wpforms-field wpforms-field-text\"\n\t\t\tdata-field-type=\"text\"\n\t\t\tdata-field-id=\"1\"\n\t\t\t>\n\t\t\t<label class=\"wpforms-field-label\" for=\"wpforms-1703-field_1\" >Telefon Adresi Ad<\/label>\n\t\t\t<input type=\"text\" id=\"wpforms-1703-field_1\" class=\"wpforms-field-medium\" name=\"wpforms[fields][1]\" >\n\t\t<\/div>\n\t\t<div id=\"wpforms-1703-field_13-container\" class=\"wpforms-field wpforms-field-text\" data-field-id=\"13\"><label class=\"wpforms-field-label wpforms-label-hide\" for=\"wpforms-1703-field_13\" aria-hidden=\"false\">Referans\u0131n\u0131z<\/label><input type=\"text\" id=\"wpforms-1703-field_13\" class=\"wpforms-field-medium\" name=\"wpforms[fields][13]\" placeholder=\"Referans\u0131n\u0131z\" aria-errormessage=\"wpforms-1703-field_13-error\" ><\/div><div id=\"wpforms-1703-field_12-container\" class=\"wpforms-field wpforms-field-textarea\" data-field-id=\"12\"><label class=\"wpforms-field-label wpforms-label-hide\" for=\"wpforms-1703-field_12\" aria-hidden=\"false\">Paragraph Text<\/label><textarea id=\"wpforms-1703-field_12\" class=\"wpforms-field-medium\" name=\"wpforms[fields][12]\" placeholder=\"Mesaj\u0131n\u0131z\" aria-errormessage=\"wpforms-1703-field_12-error\" ><\/textarea><\/div><script>\n\t\t\t\t( function() {\n\t\t\t\t\tconst style = document.createElement( 'style' );\n\t\t\t\t\tstyle.appendChild( document.createTextNode( '#wpforms-1703-field_1-container { position: absolute !important; overflow: hidden !important; display: inline !important; height: 1px !important; width: 1px !important; z-index: -1000 !important; padding: 0 !important; } #wpforms-1703-field_1-container input { visibility: hidden; } #wpforms-conversational-form-page #wpforms-1703-field_1-container label { counter-increment: none; }' ) );\n\t\t\t\t\tdocument.head.appendChild( style );\n\t\t\t\t\tdocument.currentScript?.remove();\n\t\t\t\t} )();\n\t\t\t<\/script><\/div><!-- .wpforms-field-container --><div class=\"wpforms-submit-container\" ><input type=\"hidden\" name=\"wpforms[id]\" value=\"1703\"><input type=\"hidden\" name=\"page_title\" value=\"\"><input type=\"hidden\" name=\"page_url\" value=\"https:\/\/pangealaw.eu\/de\/wp-json\/wp\/v2\/pages\/6226\"><input type=\"hidden\" name=\"url_referer\" value=\"\"><button type=\"submit\" name=\"wpforms[submit]\" id=\"wpforms-submit-1703\" class=\"wpforms-submit\" data-alt-text=\"G\u00f6nderiliyor...\" data-submit-text=\"Mesaj G\u00f6nder\" aria-live=\"assertive\" value=\"wpforms-submit\">Mesaj G\u00f6nder<\/button><img loading=\"lazy\" decoding=\"async\" src=\"https:\/\/pangealaw.eu\/wp-content\/plugins\/wpforms-lite\/assets\/images\/submit-spin.svg\" class=\"wpforms-submit-spinner\" style=\"display: none;\" width=\"26\" height=\"26\" alt=\"Wird geladen\"><\/div><\/form><\/div>  <!-- .wpforms-container -->\t\t\t\t<\/div>\n\t\t\t\t<\/div>\n\t\t\t\t<\/div>\n\t\t\t\t<\/div>\n\t\t\t\t\t<\/div>\n\t\t\t\t<\/div>\n\t\t\t\t<\/div>\n\t\t","protected":false},"excerpt":{"rendered":"<p>Vasilik Hukuku \u00dccretsiz Dan\u0131\u015fmanl\u0131k Al\u0131n Di\u011fer faaliyet alanlar\u0131m\u0131z\u0131n yan\u0131 s\u0131ra, Alman Medeni Kanunu\u2019nun (BGB) vesayet h\u00fck\u00fcmleri kapsam\u0131nda, ki\u015fisel ya\u015fam ko\u015fullar\u0131<\/p>","protected":false},"author":5,"featured_media":0,"parent":0,"menu_order":0,"comment_status":"closed","ping_status":"closed","template":"elementor_header_footer","meta":{"footnotes":""},"class_list":["post-6226","page","type-page","status-publish","hentry"],"_links":{"self":[{"href":"https:\/\/pangealaw.eu\/de\/wp-json\/wp\/v2\/pages\/6226","targetHints":{"allow":["GET"]}}],"collection":[{"href":"https:\/\/pangealaw.eu\/de\/wp-json\/wp\/v2\/pages"}],"about":[{"href":"https:\/\/pangealaw.eu\/de\/wp-json\/wp\/v2\/types\/page"}],"author":[{"embeddable":true,"href":"https:\/\/pangealaw.eu\/de\/wp-json\/wp\/v2\/users\/5"}],"replies":[{"embeddable":true,"href":"https:\/\/pangealaw.eu\/de\/wp-json\/wp\/v2\/comments?post=6226"}],"version-history":[{"count":16,"href":"https:\/\/pangealaw.eu\/de\/wp-json\/wp\/v2\/pages\/6226\/revisions"}],"predecessor-version":[{"id":6488,"href":"https:\/\/pangealaw.eu\/de\/wp-json\/wp\/v2\/pages\/6226\/revisions\/6488"}],"wp:attachment":[{"href":"https:\/\/pangealaw.eu\/de\/wp-json\/wp\/v2\/media?parent=6226"}],"curies":[{"name":"wp","href":"https:\/\/api.w.org\/{rel}","templated":true}]}}